{"id":672,"date":"2020-11-05T23:29:27","date_gmt":"2020-11-05T21:29:27","guid":{"rendered":"https:\/\/tjolahapp.fi\/?post_type=product&#038;p=672"},"modified":"2021-02-16T11:18:11","modified_gmt":"2021-02-16T09:18:11","slug":"lekkiopas","status":"publish","type":"product","link":"https:\/\/tjolahapp.fi\/fi\/shop\/lekkiopas\/","title":{"rendered":"Leikkiopas"},"content":{"rendered":"","protected":false},"excerpt":{"rendered":"<p>Kuplivaa kieli-iloa lauluista, joissa suomi ja ruotsi sekoittuvat ihanaksi, harmoniseksi keitokseksi. Kuhunkin lauluun on liitetty leikkiohjeita ja oivaltavia n\u00e4k\u00f6kulmia, jotka mahdollistavat laulujen moniulotteisemman k\u00e4yt\u00f6n. Lis\u00e4inspiraatiota l\u00f6yd\u00e4t pedagogisesta rekvisiitasta, kuten kuvakorteista, v\u00e4rityskuvista sek\u00e4 staattisista tarrakuvista.<\/p>\n<p><span class=\"s1\">Leikkiopas on 50-sivuinen, A4 avoin kierresidonta.\u00a0<\/span><\/p>\n<p><strong>Sis\u00e4lt\u00f6:<br \/>\n<\/strong>F\u00f6rord | Esipuhe<br \/>\nElement | Elementit<br \/>\nMetoder | Metodit<br \/>\nPuu puu f\u00e5gelns bo<br \/>\nTjolah\u00e5pp<br \/>\nPo -dom, po-dom<br \/>\nAppi &#8211; app<br \/>\nPilipalipuup\u00e4\u00e4<br \/>\nVissa dagar<br \/>\nKnackelituut<br \/>\nDjurvisan | El\u00e4inlaulu<br \/>\nBanaanini<br \/>\nNauravat nakit ja perunamuusi<br \/>\nSikin sokin r\u00e5ddig\u00e5gga<br \/>\nKeijup\u00f6ly\u00e4<br \/>\nR\u00f6d liten r\u00e4v | Kettunen<br \/>\nL\u00f6vs\u00e5ng<br \/>\n\u00c4lvan och Tolvan<br \/>\nRekvisita | Rekvisiitta<br \/>\nEgna Anteckningar | Muistiinpanot<br \/>\nDet var en g\u00e5ng | Olipa kerran. En id\u00e9. Idea.<br \/>\nTips | Vinkkej\u00e4<br \/>\nAtt l\u00e4sa \u00e4r att resa | Kirja aukee. Maailma aukee<br \/>\nOm Tjolah\u00e5pp! | Tjolah\u00e5pp!-hanke<\/p>\n","protected":false},"featured_media":670,"template":"","meta":{"_mi_skip_tracking":false},"product_cat":[20],"product_tag":[],"_links":{"self":[{"href":"https:\/\/tjolahapp.fi\/fi\/wp-json\/wp\/v2\/product\/672"}],"collection":[{"href":"https:\/\/tjolahapp.fi\/fi\/wp-json\/wp\/v2\/product"}],"about":[{"href":"https:\/\/tjolahapp.fi\/fi\/wp-json\/wp\/v2\/types\/product"}],"wp:featuredmedia":[{"embeddable":true,"href":"https:\/\/tjolahapp.fi\/fi\/wp-json\/wp\/v2\/media\/670"}],"wp:attachment":[{"href":"https:\/\/tjolahapp.fi\/fi\/wp-json\/wp\/v2\/media?parent=672"}],"wp:term":[{"taxonomy":"product_cat","embeddable":true,"href":"https:\/\/tjolahapp.fi\/fi\/wp-json\/wp\/v2\/product_cat?post=672"},{"taxonomy":"product_tag","embeddable":true,"href":"https:\/\/tjolahapp.fi\/fi\/wp-json\/wp\/v2\/product_tag?post=672"}],"curies":[{"name":"wp","href":"https:\/\/api.w.org\/{rel}","templated":true}]}}