{"id":331,"date":"2017-11-08T12:58:43","date_gmt":"2017-11-08T11:58:43","guid":{"rendered":"http:\/\/tjolahapp.fi\/produkt\/laulukirja-cd\/"},"modified":"2020-01-15T23:01:25","modified_gmt":"2020-01-15T21:01:25","slug":"laulukirja-cd","status":"publish","type":"product","link":"https:\/\/tjolahapp.fi\/fi\/shop\/laulukirja-cd\/","title":{"rendered":"Laulukirja + CD"},"content":{"rendered":"<p>Tjolah\u00e5pp! Laulukirja + CD<\/p>\n","protected":false},"excerpt":{"rendered":"<p>Tjolah\u00e5pp! lapsille, lapsiperheille ja kaikenik\u00e4isille aikuisille, yksi- tai kaksikielisille. Sanoitukset, musiikki ja v\u00e4rik\u00e4s kuvitus luovat yhdess\u00e4 t\u00e4ydellisen koko perheen kirjan, josta jokainen l\u00f6yt\u00e4\u00e4 jotakin j\u00e4nnitt\u00e4v\u00e4\u00e4.<\/p>\n","protected":false},"featured_media":312,"template":"","meta":{"_mi_skip_tracking":false},"product_cat":[20],"product_tag":[],"_links":{"self":[{"href":"https:\/\/tjolahapp.fi\/fi\/wp-json\/wp\/v2\/product\/331"}],"collection":[{"href":"https:\/\/tjolahapp.fi\/fi\/wp-json\/wp\/v2\/product"}],"about":[{"href":"https:\/\/tjolahapp.fi\/fi\/wp-json\/wp\/v2\/types\/product"}],"wp:featuredmedia":[{"embeddable":true,"href":"https:\/\/tjolahapp.fi\/fi\/wp-json\/wp\/v2\/media\/312"}],"wp:attachment":[{"href":"https:\/\/tjolahapp.fi\/fi\/wp-json\/wp\/v2\/media?parent=331"}],"wp:term":[{"taxonomy":"product_cat","embeddable":true,"href":"https:\/\/tjolahapp.fi\/fi\/wp-json\/wp\/v2\/product_cat?post=331"},{"taxonomy":"product_tag","embeddable":true,"href":"https:\/\/tjolahapp.fi\/fi\/wp-json\/wp\/v2\/product_tag?post=331"}],"curies":[{"name":"wp","href":"https:\/\/api.w.org\/{rel}","templated":true}]}}