{"id":644,"date":"2019-11-08T10:17:50","date_gmt":"2019-11-08T08:17:50","guid":{"rendered":"https:\/\/tjolahapp.fi\/?page_id=644"},"modified":"2026-02-15T16:10:07","modified_gmt":"2026-02-15T14:10:07","slug":"fi-edu","status":"publish","type":"page","link":"https:\/\/tjolahapp.fi\/fi\/fi-edu\/","title":{"rendered":"Edu_fi"},"content":{"rendered":"<p><strong>Paiv\u00e4kodit, esikoulut, koulut, kirjastot, musiikkikoulut ja muu koulutustoiminta.<\/strong>\u00a0Tjolah\u00e5pp! materiaalin tilaus laskulla.<\/p>\n<ul>\n<li><strong>Laulukirjat &#8211; 10\u20ac kpl\u00a0<\/strong><span style=\"font-weight: 400;\"><strong>+ toimistuskulut<\/strong><\/span><\/li>\n<li><strong>Leikkiopas &#8211; 20\u20ac kpl<\/strong> <span style=\"font-weight: 400;\"><strong>+ toimistuskulut<\/strong><\/span><\/li>\n<\/ul>\n<p><b>Pakettihinnat:<\/b><\/p>\n<ul>\n<li><span style=\"font-weight: 400;\"><strong>5kpl laulukirja + 1kpl leikkiopas + 1kpl CD 75\u20ac + toimituskulut<\/strong><\/span><\/li>\n<li><strong>10kpl laulukirja + 2kpl leikkiopas + 2kpl CD 125\u20ac + toimituskulut<\/strong><\/li>\n<li><span style=\"font-weight: 400;\"><strong>15kpl laulukirja + 3kpl leikkiopas + 3kpl CD 200\u20ac + toimituskulut<\/strong><\/span><\/li>\n<li>Isommat tai muut m\u00e4\u00e4r\u00e4t sovitaan erikseen<\/li>\n<\/ul>\n<p><strong>Kaikki hinnat sis\u00e4lt\u00e4en alv 0% <\/strong>(ALVL 4 \u00a7) eli myyntihintaan\u00a0ei lis\u00e4t\u00e4\u00a0arvonlis\u00e4veroa.<\/p>\n<p><strong>Tilauskysymykset,<\/strong><br \/>\ninfo@tjolahapp.fi<br \/>\nTom Gr\u00f6nroos<br \/>\n040-1955575<\/p>\n<p>Paketti tilaukset laskulla tilauslomakkeen kautta. Vahvistamme tilauksenne s\u00e4hk\u00f6postin tai puhelin kautta ennen l\u00e4hetys ja laskutus. <a href=\"https:\/\/forms.gle\/xLiuhYMLCNuKDjRZ6\">Tilauslomake<\/a>.<\/p>\n","protected":false},"excerpt":{"rendered":"<p>Paiv\u00e4kodit, esikoulut, koulut, kirjastot, musiikkikoulut ja muu koulutustoiminta.\u00a0Tjolah\u00e5pp! materiaalin tilaus laskulla. Laulukirjat &#8211; 10\u20ac kpl\u00a0+ toimistuskulut Leikkiopas &#8211; 20\u20ac kpl + toimistuskulut Pakettihinnat: 5kpl laulukirja + 1kpl leikkiopas + 1kpl CD 75\u20ac + toimituskulut 10kpl laulukirja + 2kpl leikkiopas + 2kpl CD 125\u20ac + toimituskulut 15kpl laulukirja + 3kpl leikkiopas + 3kpl CD 200\u20ac + &hellip; <a href=\"https:\/\/tjolahapp.fi\/fi\/fi-edu\/\" class=\"more-link\">Continue reading<span class=\"screen-reader-text\"> &#8221;Edu_fi&#8221;<\/span><\/a><\/p>\n","protected":false},"author":2,"featured_media":0,"parent":0,"menu_order":0,"comment_status":"closed","ping_status":"closed","template":"","meta":{"_mi_skip_tracking":false},"_links":{"self":[{"href":"https:\/\/tjolahapp.fi\/fi\/wp-json\/wp\/v2\/pages\/644"}],"collection":[{"href":"https:\/\/tjolahapp.fi\/fi\/wp-json\/wp\/v2\/pages"}],"about":[{"href":"https:\/\/tjolahapp.fi\/fi\/wp-json\/wp\/v2\/types\/page"}],"author":[{"embeddable":true,"href":"https:\/\/tjolahapp.fi\/fi\/wp-json\/wp\/v2\/users\/2"}],"replies":[{"embeddable":true,"href":"https:\/\/tjolahapp.fi\/fi\/wp-json\/wp\/v2\/comments?post=644"}],"version-history":[{"count":6,"href":"https:\/\/tjolahapp.fi\/fi\/wp-json\/wp\/v2\/pages\/644\/revisions"}],"predecessor-version":[{"id":761,"href":"https:\/\/tjolahapp.fi\/fi\/wp-json\/wp\/v2\/pages\/644\/revisions\/761"}],"wp:attachment":[{"href":"https:\/\/tjolahapp.fi\/fi\/wp-json\/wp\/v2\/media?parent=644"}],"curies":[{"name":"wp","href":"https:\/\/api.w.org\/{rel}","templated":true}]}}