{"id":50,"date":"2016-09-22T12:17:16","date_gmt":"2016-09-22T10:17:16","guid":{"rendered":"http:\/\/tjolahapp.fi\/?page_id=50&#038;lang=fi"},"modified":"2018-11-15T00:01:12","modified_gmt":"2018-11-14T22:01:12","slug":"yhteys","status":"publish","type":"page","link":"https:\/\/tjolahapp.fi\/fi\/yhteys\/","title":{"rendered":"Yhteys"},"content":{"rendered":"<p><strong><img loading=\"lazy\" class=\"alignleft size-medium wp-image-533\" src=\"https:\/\/tjolahapp.fi\/wp-content\/uploads\/2018\/11\/Marina-225x300.jpg\" alt=\"\" width=\"225\" height=\"300\" srcset=\"https:\/\/tjolahapp.fi\/wp-content\/uploads\/2018\/11\/Marina-225x300.jpg 225w, https:\/\/tjolahapp.fi\/wp-content\/uploads\/2018\/11\/Marina-768x1022.jpg 768w, https:\/\/tjolahapp.fi\/wp-content\/uploads\/2018\/11\/Marina-769x1024.jpg 769w, https:\/\/tjolahapp.fi\/wp-content\/uploads\/2018\/11\/Marina-1200x1597.jpg 1200w, https:\/\/tjolahapp.fi\/wp-content\/uploads\/2018\/11\/Marina-600x799.jpg 600w\" sizes=\"(max-width: 225px) 85vw, 225px\" \/><br \/>\nMarina Pettersson \/ Projektin ja pedagogiikan sis\u00e4ll\u00f6llinen vastaava<br \/>\n<\/strong>Valmistuttuani Turun konservatoriolta pianonsoiton opettajaksi jatkoin opiskelua kuoronjohdon parissa. Olen my\u00f6s erikoistunut alle kouluik\u00e4isten musiikkikasvatukseen.<br \/>\nT\u00e4ll\u00e4 hetkell\u00e4 ohjaan perheryhmi\u00e4 Folk\u00e4lsanilla ja Turun ruotsinkielisell\u00e4 seurakunnalla. Turun kaupungin p\u00e4iv\u00e4hoidon piiriss\u00e4 opetan muskariryhmi\u00e4. Lis\u00e4ksi opetan yksityisesti pianonsoittoa ja ohjaan Turun kaupungin lasten ja senioreiden kerhotoimintaa. Tjolah\u00e5pp!-projektissa teht\u00e4v\u00e4ni on pit\u00e4\u00e4 langat k\u00e4siss\u00e4ni.<\/p>\n<p>&nbsp;<\/p>\n<p><b><img loading=\"lazy\" class=\"alignleft size-medium wp-image-511\" src=\"https:\/\/tjolahapp.fi\/wp-content\/uploads\/2018\/11\/Jenny_cut-190x300.jpeg\" alt=\"\" width=\"190\" height=\"300\" srcset=\"https:\/\/tjolahapp.fi\/wp-content\/uploads\/2018\/11\/Jenny_cut-190x300.jpeg 190w, https:\/\/tjolahapp.fi\/wp-content\/uploads\/2018\/11\/Jenny_cut-768x1215.jpeg 768w, https:\/\/tjolahapp.fi\/wp-content\/uploads\/2018\/11\/Jenny_cut-647x1024.jpeg 647w, https:\/\/tjolahapp.fi\/wp-content\/uploads\/2018\/11\/Jenny_cut-1200x1899.jpeg 1200w, https:\/\/tjolahapp.fi\/wp-content\/uploads\/2018\/11\/Jenny_cut-600x949.jpeg 600w\" sizes=\"(max-width: 190px) 85vw, 190px\" \/><\/b><\/p>\n<p><b>Jenny Backman-Pr\u00e5hl \/ Vastaava Tjolah\u00e5pp!-pedagogi<br \/>\n<\/b><span style=\"font-weight: 400\">Olen koulutukseltani varhaisi\u00e4n musiikinopettaja. Arkisin ohjaan muskariryhmi\u00e4 L\u00e4nsi-Uudenmaan musiikkiopistossa Lohjalla. Lis\u00e4ksi kierr\u00e4n korkeakouluissa ja toisen asteen oppilaitoksissa luennoimassa varhaisi\u00e4n musiikkikasvatuksesta sek\u00e4 j\u00e4rjest\u00e4n jatkokoulutuksia esimerkiksi p\u00e4iv\u00e4kotien henkil\u00f6kunnalle. Olen my\u00f6s julkaissut lastenmusiikkialbumin Musikporten.<\/span><\/p>\n<p>&nbsp;<\/p>\n<p><strong><img loading=\"lazy\" class=\"alignleft size-medium wp-image-523\" src=\"https:\/\/tjolahapp.fi\/wp-content\/uploads\/2018\/11\/Tom_Vink_TTLWH_sessio-kopia-1-218x300.jpg\" alt=\"\" width=\"218\" height=\"300\" srcset=\"https:\/\/tjolahapp.fi\/wp-content\/uploads\/2018\/11\/Tom_Vink_TTLWH_sessio-kopia-1-218x300.jpg 218w, https:\/\/tjolahapp.fi\/wp-content\/uploads\/2018\/11\/Tom_Vink_TTLWH_sessio-kopia-1-768x1055.jpg 768w, https:\/\/tjolahapp.fi\/wp-content\/uploads\/2018\/11\/Tom_Vink_TTLWH_sessio-kopia-1-745x1024.jpg 745w, https:\/\/tjolahapp.fi\/wp-content\/uploads\/2018\/11\/Tom_Vink_TTLWH_sessio-kopia-1-600x824.jpg 600w, https:\/\/tjolahapp.fi\/wp-content\/uploads\/2018\/11\/Tom_Vink_TTLWH_sessio-kopia-1.jpg 1199w\" sizes=\"(max-width: 218px) 85vw, 218px\" \/><br \/>\nTom Gr\u00f6nroos \/ Kulttuurituottaja<\/strong><br \/>\n<span style=\"font-weight: 400\">Olen koulutukseltani kulttuurituottaja, ja t\u00e4ll\u00e4 hetkell\u00e4 ty\u00f6n alla ovat mm. projektit Tjolah\u00e5pp!, Rockskolan &#8211; \u00c5bo sek\u00e4 Musiikki- ja Kuvataidekoulu Art-Dur. Ty\u00f6skentelen my\u00f6s kitaransoiton opettajana, ja taustaltani olenkin muusikko. Vastaan Tjolah\u00e5pp!-projektin hallinnollisesta puolesta. <\/span><\/p>\n<p>&nbsp;<\/p>\n<p><strong>Yhteystiedot:<\/strong><br \/>\n<a href=\"mailto:info@tjolahapp.fi\">info@tjolahapp.fi<\/a><br \/>\n<a href=\"https:\/\/www.facebook.com\/tjolahapp\/\">facebook.com\/tjolahapp<\/a><br \/>\n<a href=\"https:\/\/www.instagram.com\/tjolahapp\/\">instagram.com\/tjolahapp<\/a><br \/>\n<a href=\"https:\/\/www.youtube.com\/channel\/UCqZHQw-_-yUuODWIcmnW6rw\/videos\" target=\"_blank\" rel=\"noopener\">Tjolah\u00e5pp! YouTube<\/a><\/p>\n<p>KultAd rf (laskutus\/kirjanpito)<br \/>\nc\/o Kirjanpitotoimisto MeMera<br \/>\nPL 6<br \/>\n21661 Nauvo<br \/>\n<a href=\"mailto:info@kultad.fi\">info@kultad.fi<\/a><\/p>\n","protected":false},"excerpt":{"rendered":"<p>Marina Pettersson \/ Projektin ja pedagogiikan sis\u00e4ll\u00f6llinen vastaava Valmistuttuani Turun konservatoriolta pianonsoiton opettajaksi jatkoin opiskelua kuoronjohdon parissa. Olen my\u00f6s erikoistunut alle kouluik\u00e4isten musiikkikasvatukseen. T\u00e4ll\u00e4 hetkell\u00e4 ohjaan perheryhmi\u00e4 Folk\u00e4lsanilla ja Turun ruotsinkielisell\u00e4 seurakunnalla. Turun kaupungin p\u00e4iv\u00e4hoidon piiriss\u00e4 opetan muskariryhmi\u00e4. Lis\u00e4ksi opetan yksityisesti pianonsoittoa ja ohjaan Turun kaupungin lasten ja senioreiden kerhotoimintaa. Tjolah\u00e5pp!-projektissa teht\u00e4v\u00e4ni on pit\u00e4\u00e4 langat &hellip; <a href=\"https:\/\/tjolahapp.fi\/fi\/yhteys\/\" class=\"more-link\">Continue reading<span class=\"screen-reader-text\"> &#8221;Yhteys&#8221;<\/span><\/a><\/p>\n","protected":false},"author":1,"featured_media":0,"parent":0,"menu_order":0,"comment_status":"closed","ping_status":"closed","template":"page-kontakt.php","meta":{"_mi_skip_tracking":false},"_links":{"self":[{"href":"https:\/\/tjolahapp.fi\/fi\/wp-json\/wp\/v2\/pages\/50"}],"collection":[{"href":"https:\/\/tjolahapp.fi\/fi\/wp-json\/wp\/v2\/pages"}],"about":[{"href":"https:\/\/tjolahapp.fi\/fi\/wp-json\/wp\/v2\/types\/page"}],"author":[{"embeddable":true,"href":"https:\/\/tjolahapp.fi\/fi\/wp-json\/wp\/v2\/users\/1"}],"replies":[{"embeddable":true,"href":"https:\/\/tjolahapp.fi\/fi\/wp-json\/wp\/v2\/comments?post=50"}],"version-history":[{"count":42,"href":"https:\/\/tjolahapp.fi\/fi\/wp-json\/wp\/v2\/pages\/50\/revisions"}],"predecessor-version":[{"id":555,"href":"https:\/\/tjolahapp.fi\/fi\/wp-json\/wp\/v2\/pages\/50\/revisions\/555"}],"wp:attachment":[{"href":"https:\/\/tjolahapp.fi\/fi\/wp-json\/wp\/v2\/media?parent=50"}],"curies":[{"name":"wp","href":"https:\/\/api.w.org\/{rel}","templated":true}]}}