{"id":325,"date":"2017-11-09T06:31:20","date_gmt":"2017-11-09T05:31:20","guid":{"rendered":"http:\/\/tjolahapp.fi\/?page_id=325"},"modified":"2021-06-28T12:54:34","modified_gmt":"2021-06-28T09:54:34","slug":"ehdot","status":"publish","type":"page","link":"https:\/\/tjolahapp.fi\/fi\/ehdot\/","title":{"rendered":"Ehdot"},"content":{"rendered":"<p>KultAd ry. Y-tunnus 2646074-2 (j\u00e4ljemp\u00e4n\u00e4 verkkokauppa) myy tuotteita yksityishenkil\u00f6ille Suomeen. Pid\u00e4t\u00e4mme oikeuden toimitusehtojen ja hintojen muutoksiin. Tuotteiden hinnat sis\u00e4lt\u00e4v\u00e4t arvonlis\u00e4veron,\u00a00% (ALVL 4 \u00a7).<\/p>\n<p><strong>Verkkokaupan yhteystiedot<\/strong> <br \/>S\u00e4hk\u00f6posti: info@tjolahapp.fi <br \/>Puhelin: 040 1955575<br \/>Postiosoite: KulAd ry \/ Tjolah\u00e5pp! c\/o Memera PL6, 21661 Nauvo<\/p>\n<p><strong>Tilaaminen<br \/><\/strong>Tilattavat tuotteet valitaan verkkosivuilla lis\u00e4\u00e4m\u00e4ll\u00e4 ne ostoskoriin. Tilaus l\u00e4hetet\u00e4\u00e4n maksamalla ostoskorin sis\u00e4lt\u00f6 verkkokaupan kassatoiminnossa. Tehdess\u00e4si tilauksen hyv\u00e4ksyt n\u00e4m\u00e4 toimitusehdot, tuotteiden hinnat sek\u00e4 toimituskulut. Mik\u00e4li tilaushetkell\u00e4 annetaan s\u00e4hk\u00f6postiosoite, tilauksesta l\u00e4hetet\u00e4\u00e4n tilausvahvistus s\u00e4hk\u00f6postitse. Tilausvahvistuksesta ilmenev\u00e4t tilatut tuotteet sek\u00e4 hinta.<\/p>\n<p><strong>Maksaminen<\/strong><br \/>Verkkokaupan maksuv\u00e4litt\u00e4j\u00e4n\u00e4 toimii Visma Pay (Paybyway Oy, y-tunnus 2486559-4), joka on rekister\u00f6ity Finanssivalvonnan yll\u00e4pit\u00e4m\u00e4\u00e4n maksulaitosrekisteriin. Maksamiseen siirryt\u00e4\u00e4n Visma Payn verkkopalvelun kautta ja tiliotteella ja laskulla maksun saajana n\u00e4kyy Visma Pay tai Paybyway Oy. Visma Pay v\u00e4litt\u00e4\u00e4 maksut verkkokauppiaalle. Maksaminen on turvallista, sill\u00e4 kaikki maksutapahtumaa koskevat tiedot v\u00e4litet\u00e4\u00e4n salattua yhteytt\u00e4 k\u00e4ytt\u00e4en niin ettei kukaan ulkopuolinen taho n\u00e4e maksutapahtuman tietoja. Kauppa syntyy verkkokaupan asiakkaan ja verkkokaupan v\u00e4lille. Verkkokaupan vastuulla ovat kaikki kauppaan liittyv\u00e4t velvoitteet. Lue lis\u00e4\u00e4 Visma Paysta: https:\/\/www.visma.fi\/vismapay\/<\/p>\n<p><strong>Maksutavat<br \/><\/strong>Visma Pay -palvelun kautta voit maksaa verkkopankkitunnuksilla, lompakolla, maksukorteilla (credit\/debit), laskulla tai osamaksulla. K\u00e4ytett\u00e4viss\u00e4 ovat seuraavat maksutavat: Osuuspankki, Nordea, Danske Bank, Oma S\u00e4\u00e4st\u00f6pankki, S\u00e4\u00e4st\u00f6pankki, Aktia, Paikallisosuuspankit, S-Pankki, Handelsbanken, \u00c5landsbanken, MobilePay, Masterpass, Pivo, Visa-, Visa Debit-, Visa Electron-, MasterCard- ja Debit MasterCard -kortit, sek\u00e4 Jousto ja Enterpay Lasku yritykselle. MobilePay: Voit maksaa MobilePay-lompakollasi mik\u00e4li olet sallinut verkkokaupoissa maksamisen sovelluksen asetuksista. MobilePay-lompakolla suoritetut maksut veloitetaan lompakkoon liitetylt\u00e4 maksukortilta. Mik\u00e4li maksun veloittaminen maksukortilta ep\u00e4onnistuu, MobilePay-lompakolla maksaminen ei ole mahdollista verkkokaupassa. Pivo: K\u00e4ytt\u00f6ehdot ovat tarjolla Pivon sivuilla: https:\/\/pivo.fi\/kayttoehdot\/pivon-kayttoehdot\/ Jousto lasku ja osamaksu on kotimainen palvelu, jolla teet ostoksesi nopeasti ja turvallisesti. Jousto on tarkoitettu yksityishenkil\u00f6ille, jotka ovat hoitaneet raha-asiansa moitteettomasti. Joustolla saat 30 vuorokautta korotonta ja kulutonta maksuaikaa. Laskun saatuasi voit p\u00e4\u00e4tt\u00e4\u00e4 maksatko sen kokonaan vai osissa. Osamaksulla voit maksaa ostoksesi jopa 36:ssa er\u00e4ss\u00e4, alkaen 9,90 eur\/kk. Jousto osamaksun kustannukset ovat 3,90 eur\/kk ja 19,90%:n luottokorko. Voit maksaa Joustolla 30\u20133000 euron ostoksia. Luotonmy\u00f6nt\u00e4j\u00e4n\u00e4 toimii Aurajoki Nordic Oy. Lue lis\u00e4\u00e4 Joustosta osoitteessa www.jousto.com.<\/p>\n<p><strong>Visma Pay -maksupalvelun yhteystiedot<\/strong> <br \/>Visma Pay, Paybyway Oy (Y-tunnus 2486559-4) <br \/>S\u00e4hk\u00f6posti: helpdesk@vismapay.com <br \/>Puhelin: 09 315 42 037 (arkisin klo 8-16) <br \/>Postiosoite: Laserkatu 6, 53850 Lappeenranta<br \/><br \/><strong>Toimitus<\/strong> <br \/>Tilauksia postitetaan arkip\u00e4ivisin. Varastosta toimitettavien tuotteiden toimitusaika on yleens\u00e4 3-5 arkip\u00e4iv\u00e4\u00e4. Toimituskulut m\u00e4\u00e4r\u00e4ytyv\u00e4t valitun toimitustavan, mahdollisten lis\u00e4palvelujen, tilauksen painon ja koon mukaan. N\u00e4et toimituskulut verkkokaupan kassatoiminnossa ennen tilauksen lopullista hyv\u00e4ksymist\u00e4.<\/p>\n<p>Mik\u00e4li tuote on kadonnut tai vioittunut toimituksen aikana, tulee t\u00e4st\u00e4 ilmoittaa viipym\u00e4tt\u00e4, mutta kuitenkin 14 vuorokauden kuluessa verkkokaupalle. Toimituksessa vioittuneista paketeista tulee viipym\u00e4tt\u00e4 ilmoittaa toimituksesta vastanneelle yhti\u00f6lle.<\/p>\n<p><strong>Palautukset<\/strong> <br \/>Verkkokaupan asiakkaalla on kuluttajansuojalain mukainen 14 vuorokauden vaihto- ja palautusoikeus. Asiakkaalla on oikeus vaihtaa tai palauttaa osa tai kaikki tilauksen tuotteet. Palautettavat tai vaihdettavat tuotteet tulee olla alkuper\u00e4ispakkauksessa ja myyntikuntoisia. Halutessasi palauttaa tai vaihtaa tuotteita, ota ensin yhteytt\u00e4 verkkokauppaan ja kysy palautusohjeita. Liit\u00e4th\u00e4n palautukseen mukaan nimesi, yhteystietosi sek\u00e4 tilinumerosi mahdollista maksunpalautusta varten.<\/p>\n<p><strong>Tilauksen peruuttaminen, virhevastuu ja reklamaatiot<\/strong> <br \/>Ennen tilauksen toimitusta tilauksen voi peruuttaa kirjallisella ilmoituksella s\u00e4hk\u00f6postitse.<\/p>\n<p>Verkkokaupalla on lakis\u00e4\u00e4teinen virhevastuu myydyist\u00e4 tuotteista. Reklamaatiotapauksissa pyyd\u00e4mme olemaan yhteydess\u00e4 asiakaspalveluumme. Kuluttajalla on oikeus vied\u00e4 mahdolliset riitatilanteet kuluttajariitalautakunnan ratkaistavaksi.<\/p>\n<p><a href=\"https:\/\/tjolahapp.fi\/wp-content\/uploads\/2021\/06\/vismapay_banner_vertical.png\"><img loading=\"lazy\" class=\"alignleft wp-image-724 size-full\" src=\"https:\/\/tjolahapp.fi\/wp-content\/uploads\/2021\/06\/vismapay_banner_vertical.png\" alt=\"\" width=\"1500\" height=\"200\" srcset=\"https:\/\/tjolahapp.fi\/wp-content\/uploads\/2021\/06\/vismapay_banner_vertical.png 1500w, https:\/\/tjolahapp.fi\/wp-content\/uploads\/2021\/06\/vismapay_banner_vertical-300x40.png 300w, https:\/\/tjolahapp.fi\/wp-content\/uploads\/2021\/06\/vismapay_banner_vertical-1024x137.png 1024w, https:\/\/tjolahapp.fi\/wp-content\/uploads\/2021\/06\/vismapay_banner_vertical-768x102.png 768w, https:\/\/tjolahapp.fi\/wp-content\/uploads\/2021\/06\/vismapay_banner_vertical-1200x160.png 1200w, https:\/\/tjolahapp.fi\/wp-content\/uploads\/2021\/06\/vismapay_banner_vertical-600x80.png 600w\" sizes=\"(max-width: 709px) 85vw, (max-width: 909px) 67vw, (max-width: 1362px) 62vw, 840px\" \/><\/a><\/p>\n<p>\u00a0<\/p>\n\n","protected":false},"excerpt":{"rendered":"<p>KultAd ry. Y-tunnus 2646074-2 (j\u00e4ljemp\u00e4n\u00e4 verkkokauppa) myy tuotteita yksityishenkil\u00f6ille Suomeen. Pid\u00e4t\u00e4mme oikeuden toimitusehtojen ja hintojen muutoksiin. Tuotteiden hinnat sis\u00e4lt\u00e4v\u00e4t arvonlis\u00e4veron,\u00a00% (ALVL 4 \u00a7). Verkkokaupan yhteystiedot S\u00e4hk\u00f6posti: info@tjolahapp.fi Puhelin: 040 1955575Postiosoite: KulAd ry \/ Tjolah\u00e5pp! c\/o Memera PL6, 21661 Nauvo TilaaminenTilattavat tuotteet valitaan verkkosivuilla lis\u00e4\u00e4m\u00e4ll\u00e4 ne ostoskoriin. Tilaus l\u00e4hetet\u00e4\u00e4n maksamalla ostoskorin sis\u00e4lt\u00f6 verkkokaupan kassatoiminnossa. Tehdess\u00e4si tilauksen &hellip; <a href=\"https:\/\/tjolahapp.fi\/fi\/ehdot\/\" class=\"more-link\">Continue reading<span class=\"screen-reader-text\"> &#8221;Ehdot&#8221;<\/span><\/a><\/p>\n","protected":false},"author":1,"featured_media":0,"parent":0,"menu_order":0,"comment_status":"closed","ping_status":"closed","template":"page-butik.php","meta":{"_mi_skip_tracking":false},"_links":{"self":[{"href":"https:\/\/tjolahapp.fi\/fi\/wp-json\/wp\/v2\/pages\/325"}],"collection":[{"href":"https:\/\/tjolahapp.fi\/fi\/wp-json\/wp\/v2\/pages"}],"about":[{"href":"https:\/\/tjolahapp.fi\/fi\/wp-json\/wp\/v2\/types\/page"}],"author":[{"embeddable":true,"href":"https:\/\/tjolahapp.fi\/fi\/wp-json\/wp\/v2\/users\/1"}],"replies":[{"embeddable":true,"href":"https:\/\/tjolahapp.fi\/fi\/wp-json\/wp\/v2\/comments?post=325"}],"version-history":[{"count":3,"href":"https:\/\/tjolahapp.fi\/fi\/wp-json\/wp\/v2\/pages\/325\/revisions"}],"predecessor-version":[{"id":726,"href":"https:\/\/tjolahapp.fi\/fi\/wp-json\/wp\/v2\/pages\/325\/revisions\/726"}],"wp:attachment":[{"href":"https:\/\/tjolahapp.fi\/fi\/wp-json\/wp\/v2\/media?parent=325"}],"curies":[{"name":"wp","href":"https:\/\/api.w.org\/{rel}","templated":true}]}}