{"id":248,"date":"2017-11-04T14:42:35","date_gmt":"2017-11-04T13:42:35","guid":{"rendered":"http:\/\/tjolahapp.fi\/?page_id=248"},"modified":"2019-06-04T15:42:32","modified_gmt":"2019-06-04T12:42:32","slug":"leiki","status":"publish","type":"page","link":"https:\/\/tjolahapp.fi\/fi\/leiki\/","title":{"rendered":"LEIKI"},"content":{"rendered":"<h1 style=\"text-align: center\"><strong><a href=\"http:\/\/play.tjolahapp.fi\/\"><span style=\"color: #ffffff\">Klikkaa t\u00e4st\u00e4 leikkiin<\/span><\/a><\/strong><\/h1>\n<p><strong><span style=\"color: #ffffff\">Virtuaalisessa Tjolah\u00e5pp-maailmassa voit tutkia leikkien, mist\u00e4 Tjolah\u00e5pp-laulut on tehty. Aloittaaksesi tutkimusmatkan tarvitset tabletin, jossa on \u00e4\u00e4net p\u00e4\u00e4ll\u00e4. Voit astua Tjolah\u00e5pp-maailmaan my\u00f6s tietokoneen tai puhelimen kautta, mutta silloin ohjelma saattaa toimia rajoitetusti. Pelin vaikeustasot vaihtelevat: mit\u00e4 pidemm\u00e4lle tutkimusmatkasi etenee, sen haastavampia teht\u00e4vi\u00e4 saat eteesi. Tjolah\u00e5pp-maailmassa opit, mist\u00e4 aineksista laulut koostuvat ja milt\u00e4 kukin rakenneosa kuulostaa.<\/span><\/strong><\/p>\n","protected":false},"excerpt":{"rendered":"<p>Klikkaa t\u00e4st\u00e4 leikkiin Virtuaalisessa Tjolah\u00e5pp-maailmassa voit tutkia leikkien, mist\u00e4 Tjolah\u00e5pp-laulut on tehty. Aloittaaksesi tutkimusmatkan tarvitset tabletin, jossa on \u00e4\u00e4net p\u00e4\u00e4ll\u00e4. Voit astua Tjolah\u00e5pp-maailmaan my\u00f6s tietokoneen tai puhelimen kautta, mutta silloin ohjelma saattaa toimia rajoitetusti. Pelin vaikeustasot vaihtelevat: mit\u00e4 pidemm\u00e4lle tutkimusmatkasi etenee, sen haastavampia teht\u00e4vi\u00e4 saat eteesi. Tjolah\u00e5pp-maailmassa opit, mist\u00e4 aineksista laulut koostuvat ja milt\u00e4 kukin &hellip; <a href=\"https:\/\/tjolahapp.fi\/fi\/leiki\/\" class=\"more-link\">Continue reading<span class=\"screen-reader-text\"> &#8221;LEIKI&#8221;<\/span><\/a><\/p>\n","protected":false},"author":1,"featured_media":0,"parent":0,"menu_order":0,"comment_status":"closed","ping_status":"closed","template":"page-leka.php","meta":{"_mi_skip_tracking":false},"_links":{"self":[{"href":"https:\/\/tjolahapp.fi\/fi\/wp-json\/wp\/v2\/pages\/248"}],"collection":[{"href":"https:\/\/tjolahapp.fi\/fi\/wp-json\/wp\/v2\/pages"}],"about":[{"href":"https:\/\/tjolahapp.fi\/fi\/wp-json\/wp\/v2\/types\/page"}],"author":[{"embeddable":true,"href":"https:\/\/tjolahapp.fi\/fi\/wp-json\/wp\/v2\/users\/1"}],"replies":[{"embeddable":true,"href":"https:\/\/tjolahapp.fi\/fi\/wp-json\/wp\/v2\/comments?post=248"}],"version-history":[{"count":10,"href":"https:\/\/tjolahapp.fi\/fi\/wp-json\/wp\/v2\/pages\/248\/revisions"}],"predecessor-version":[{"id":585,"href":"https:\/\/tjolahapp.fi\/fi\/wp-json\/wp\/v2\/pages\/248\/revisions\/585"}],"wp:attachment":[{"href":"https:\/\/tjolahapp.fi\/fi\/wp-json\/wp\/v2\/media?parent=248"}],"curies":[{"name":"wp","href":"https:\/\/api.w.org\/{rel}","templated":true}]}}