{"id":244,"date":"2017-11-04T14:41:36","date_gmt":"2017-11-04T13:41:36","guid":{"rendered":"http:\/\/tjolahapp.fi\/?page_id=244"},"modified":"2021-02-12T00:47:33","modified_gmt":"2021-02-11T22:47:33","slug":"osallistu","status":"publish","type":"page","link":"https:\/\/tjolahapp.fi\/fi\/osallistu\/","title":{"rendered":"LEIKKIOPAS"},"content":{"rendered":"<p>Kuplivaa kieli-iloa lauluista, joissa suomi ja ruotsi sekoittuvat ihanaksi, harmoniseksi keitokseksi. Kuhunkin lauluun on liitetty leikkiohjeita ja oivaltavia n\u00e4k\u00f6kulmia, jotka mahdollistavat laulujen moniulotteisemman k\u00e4yt\u00f6n. Lis\u00e4inspiraatiota l\u00f6yd\u00e4t pedagogisesta rekvisiitasta, kuten kuvakorteista, v\u00e4rityskuvista sek\u00e4 staattisista tarrakuvista.<\/p>\n<p><span class=\"s1\">Leikkiopas on 50-sivuinen, A4 avoin kierresidonta.\u00a0<\/span><\/p>\n<p>&nbsp;<\/p>\n<p>&nbsp;<\/p>\n","protected":false},"excerpt":{"rendered":"<p>Kuplivaa kieli-iloa lauluista, joissa suomi ja ruotsi sekoittuvat ihanaksi, harmoniseksi keitokseksi. Kuhunkin lauluun on liitetty leikkiohjeita ja oivaltavia n\u00e4k\u00f6kulmia, jotka mahdollistavat laulujen moniulotteisemman k\u00e4yt\u00f6n. Lis\u00e4inspiraatiota l\u00f6yd\u00e4t pedagogisesta rekvisiitasta, kuten kuvakorteista, v\u00e4rityskuvista sek\u00e4 staattisista tarrakuvista. Leikkiopas on 50-sivuinen, A4 avoin kierresidonta.\u00a0 &nbsp; &nbsp;<\/p>\n","protected":false},"author":1,"featured_media":0,"parent":0,"menu_order":0,"comment_status":"closed","ping_status":"closed","template":"page-delta.php","meta":{"_mi_skip_tracking":false},"_links":{"self":[{"href":"https:\/\/tjolahapp.fi\/fi\/wp-json\/wp\/v2\/pages\/244"}],"collection":[{"href":"https:\/\/tjolahapp.fi\/fi\/wp-json\/wp\/v2\/pages"}],"about":[{"href":"https:\/\/tjolahapp.fi\/fi\/wp-json\/wp\/v2\/types\/page"}],"author":[{"embeddable":true,"href":"https:\/\/tjolahapp.fi\/fi\/wp-json\/wp\/v2\/users\/1"}],"replies":[{"embeddable":true,"href":"https:\/\/tjolahapp.fi\/fi\/wp-json\/wp\/v2\/comments?post=244"}],"version-history":[{"count":3,"href":"https:\/\/tjolahapp.fi\/fi\/wp-json\/wp\/v2\/pages\/244\/revisions"}],"predecessor-version":[{"id":694,"href":"https:\/\/tjolahapp.fi\/fi\/wp-json\/wp\/v2\/pages\/244\/revisions\/694"}],"wp:attachment":[{"href":"https:\/\/tjolahapp.fi\/fi\/wp-json\/wp\/v2\/media?parent=244"}],"curies":[{"name":"wp","href":"https:\/\/api.w.org\/{rel}","templated":true}]}}